{"id":502,"date":"2021-09-30T15:01:54","date_gmt":"2021-09-30T15:01:54","guid":{"rendered":"https:\/\/www.liciniosmendes.com\/novo\/?page_id=502"},"modified":"2021-09-30T15:06:44","modified_gmt":"2021-09-30T15:06:44","slug":"dyrup-diluente-sintetico","status":"publish","type":"page","link":"https:\/\/www.liciniosmendes.com\/?page_id=502","title":{"rendered":"DYRUP DILUENTE SINT\u00c9TICO"},"content":{"rendered":"<p>[et_pb_section fb_built=&#8221;1&#8243; admin_label=&#8221;Header&#8221; _builder_version=&#8221;3.22&#8243;][et_pb_row column_structure=&#8221;1_2,1_2&#8243; _builder_version=&#8221;3.25&#8243; max_width=&#8221;1280px&#8221; custom_padding=&#8221;27px|0px|0|0px|false|false&#8221; use_custom_width=&#8221;on&#8221; custom_width_px=&#8221;1280px&#8221; locked=&#8221;off&#8221;][et_pb_column type=&#8221;1_2&#8243; _builder_version=&#8221;3.25&#8243; custom_padding=&#8221;|||&#8221; custom_padding__hover=&#8221;|||&#8221;][et_pb_text _builder_version=&#8221;4.6.1&#8243; text_font=&#8221;||||||||&#8221; header_font=&#8221;Montserrat|300|||||||&#8221; header_font_size=&#8221;70px&#8221; header_line_height=&#8221;1.3em&#8221; header_4_font=&#8221;Montserrat|500||on|||||&#8221; header_4_text_color=&#8221;#ef6f49&#8243; header_4_font_size=&#8221;11px&#8221; header_4_letter_spacing=&#8221;3px&#8221; header_font_size_tablet=&#8221;50px&#8221; header_font_size_phone=&#8221;40px&#8221; header_font_size_last_edited=&#8221;on|phone&#8221; locked=&#8221;off&#8221;]<\/p>\n<h2>DYRUP DILUENTE SINT\u00c9TICO<\/h2>\n<p>[\/et_pb_text][et_pb_text _builder_version=&#8221;4.6.1&#8243; text_font=&#8221;||||||||&#8221; text_font_size=&#8221;16px&#8221; text_line_height=&#8221;2.2em&#8221;]<\/p>\n<p style=\"text-align: justify;\">Dyrup Diluente Sint\u00e9tico \u00e9 uma mistura de hidrocarbonetos que s\u00e3o combinados em determinadas propor\u00e7\u00f5es para se obter o melhor rendimento das suas capacidades de dilui\u00e7\u00e3o e solv\u00eancia.<\/p>\n<p style=\"text-align: justify;\">Dyrup Diluente Sint\u00e9tico \u00e9 um diluente da Linha Profissional Dyrup, utilizado na dilui\u00e7\u00e3o de produtos sint\u00e9ticos de secagem ao ar quando aplicados \u00e0 trincha ou rolo. Tamb\u00e9m \u00e9 usado como agente de lavagem ou limpeza de equipamento e acess\u00f3rios utilizados na prepara\u00e7\u00e3o e aplica\u00e7\u00e3o de produtos sint\u00e9ticos.<\/p>\n<p>[\/et_pb_text][\/et_pb_column][et_pb_column type=&#8221;1_2&#8243; _builder_version=&#8221;3.25&#8243; custom_padding=&#8221;|||&#8221; custom_padding__hover=&#8221;|||&#8221;][et_pb_image src=&#8221;https:\/\/www.liciniosmendes.com\/novo\/wp-content\/uploads\/2021\/09\/Linha-Profissional_Dyrup_Diluente-Sintetico.png&#8221; align_tablet=&#8221;center&#8221; align_phone=&#8221;&#8221; align_last_edited=&#8221;on|desktop&#8221; _builder_version=&#8221;4.6.1&#8243; hover_enabled=&#8221;0&#8243; sticky_enabled=&#8221;0&#8243;][\/et_pb_image][\/et_pb_column][\/et_pb_row][et_pb_row column_structure=&#8221;1_3,1_3,1_3&#8243; _builder_version=&#8221;3.25&#8243;][et_pb_column type=&#8221;1_3&#8243; _builder_version=&#8221;3.25&#8243; custom_padding=&#8221;|||&#8221; custom_padding__hover=&#8221;|||&#8221;][et_pb_text _builder_version=&#8221;3.27.4&#8243; text_font=&#8221;||||||||&#8221; text_font_size=&#8221;15px&#8221; text_line_height=&#8221;2.2em&#8221; header_font=&#8221;||||||||&#8221; header_3_font=&#8221;Montserrat|600||on|||||&#8221; header_3_font_size=&#8221;12px&#8221; header_3_letter_spacing=&#8221;1px&#8221; header_3_line_height=&#8221;1.8em&#8221; custom_margin=&#8221;30px||50px||false&#8221; locked=&#8221;off&#8221; header_font_size__hover=&#8221;30px&#8221; header_2_font_size__hover=&#8221;26px&#8221; header_3_font_size__hover=&#8221;22px&#8221; header_4_font_size__hover=&#8221;18px&#8221; header_5_font_size__hover=&#8221;16px&#8221; header_6_font_size__hover=&#8221;14px&#8221; header_font_size__hover_enabled=&#8221;30px&#8221; header_2_font_size__hover_enabled=&#8221;26px&#8221; header_3_font_size__hover_enabled=&#8221;22px&#8221; header_4_font_size__hover_enabled=&#8221;18px&#8221; header_5_font_size__hover_enabled=&#8221;16px&#8221; header_6_font_size__hover_enabled=&#8221;14px&#8221; header_letter_spacing__hover=&#8221;0px&#8221; header_2_letter_spacing__hover=&#8221;0px&#8221; header_3_letter_spacing__hover=&#8221;0px&#8221; header_4_letter_spacing__hover=&#8221;0px&#8221; header_5_letter_spacing__hover=&#8221;0px&#8221; header_6_letter_spacing__hover=&#8221;0px&#8221; header_letter_spacing__hover_enabled=&#8221;0px&#8221; header_2_letter_spacing__hover_enabled=&#8221;0px&#8221; header_3_letter_spacing__hover_enabled=&#8221;0px&#8221; header_4_letter_spacing__hover_enabled=&#8221;0px&#8221; header_5_letter_spacing__hover_enabled=&#8221;0px&#8221; header_6_letter_spacing__hover_enabled=&#8221;0px&#8221; header_2_line_height__hover=&#8221;1em&#8221; header_3_line_height__hover=&#8221;1em&#8221; header_4_line_height__hover=&#8221;1em&#8221; header_5_line_height__hover=&#8221;1em&#8221; header_6_line_height__hover=&#8221;1em&#8221; header_2_line_height__hover_enabled=&#8221;1em&#8221; header_3_line_height__hover_enabled=&#8221;1em&#8221; header_4_line_height__hover_enabled=&#8221;1em&#8221; header_5_line_height__hover_enabled=&#8221;1em&#8221; header_6_line_height__hover_enabled=&#8221;1em&#8221; header_text_shadow_style__hover=&#8221;none&#8221; header_2_text_shadow_style__hover=&#8221;none&#8221; header_3_text_shadow_style__hover=&#8221;none&#8221; header_4_text_shadow_style__hover=&#8221;none&#8221; header_5_text_shadow_style__hover=&#8221;none&#8221; header_6_text_shadow_style__hover=&#8221;none&#8221; header_text_shadow_style__hover_enabled=&#8221;none&#8221; header_2_text_shadow_style__hover_enabled=&#8221;none&#8221; header_3_text_shadow_style__hover_enabled=&#8221;none&#8221; header_4_text_shadow_style__hover_enabled=&#8221;none&#8221; header_5_text_shadow_style__hover_enabled=&#8221;none&#8221; header_6_text_shadow_style__hover_enabled=&#8221;none&#8221; header_text_shadow_color__hover=&#8221;rgba(0,0,0,0.4)&#8221; header_2_text_shadow_color__hover=&#8221;rgba(0,0,0,0.4)&#8221; header_3_text_shadow_color__hover=&#8221;rgba(0,0,0,0.4)&#8221; header_4_text_shadow_color__hover=&#8221;rgba(0,0,0,0.4)&#8221; header_5_text_shadow_color__hover=&#8221;rgba(0,0,0,0.4)&#8221; header_6_text_shadow_color__hover=&#8221;rgba(0,0,0,0.4)&#8221; header_text_shadow_color__hover_enabled=&#8221;rgba(0,0,0,0.4)&#8221; header_2_text_shadow_color__hover_enabled=&#8221;rgba(0,0,0,0.4)&#8221; header_3_text_shadow_color__hover_enabled=&#8221;rgba(0,0,0,0.4)&#8221; header_4_text_shadow_color__hover_enabled=&#8221;rgba(0,0,0,0.4)&#8221; header_5_text_shadow_color__hover_enabled=&#8221;rgba(0,0,0,0.4)&#8221; header_6_text_shadow_color__hover_enabled=&#8221;rgba(0,0,0,0.4)&#8221;]<\/p>\n<h3>CAPACIDADE<\/h3>\n<p>1L \/ 5L<\/p>\n<p>[\/et_pb_text][\/et_pb_column][et_pb_column type=&#8221;1_3&#8243; _builder_version=&#8221;3.25&#8243; custom_padding=&#8221;|||&#8221; custom_padding__hover=&#8221;|||&#8221;][et_pb_text _builder_version=&#8221;4.6.1&#8243; text_font=&#8221;||||||||&#8221; text_font_size=&#8221;15px&#8221; text_line_height=&#8221;2.2em&#8221; header_font=&#8221;||||||||&#8221; header_3_font=&#8221;Montserrat|600||on|||||&#8221; header_3_font_size=&#8221;12px&#8221; header_3_letter_spacing=&#8221;1px&#8221; header_3_line_height=&#8221;1.8em&#8221; custom_margin=&#8221;30px||50px||false&#8221; hover_enabled=&#8221;0&#8243; locked=&#8221;off&#8221; header_font_size__hover=&#8221;30px&#8221; header_2_font_size__hover=&#8221;26px&#8221; header_3_font_size__hover=&#8221;22px&#8221; header_4_font_size__hover=&#8221;18px&#8221; header_5_font_size__hover=&#8221;16px&#8221; header_6_font_size__hover=&#8221;14px&#8221; header_font_size__hover_enabled=&#8221;30px&#8221; header_2_font_size__hover_enabled=&#8221;26px&#8221; header_3_font_size__hover_enabled=&#8221;22px&#8221; header_4_font_size__hover_enabled=&#8221;18px&#8221; header_5_font_size__hover_enabled=&#8221;16px&#8221; header_6_font_size__hover_enabled=&#8221;14px&#8221; header_letter_spacing__hover=&#8221;0px&#8221; header_2_letter_spacing__hover=&#8221;0px&#8221; header_3_letter_spacing__hover=&#8221;0px&#8221; header_4_letter_spacing__hover=&#8221;0px&#8221; header_5_letter_spacing__hover=&#8221;0px&#8221; header_6_letter_spacing__hover=&#8221;0px&#8221; header_letter_spacing__hover_enabled=&#8221;0px&#8221; header_2_letter_spacing__hover_enabled=&#8221;0px&#8221; header_3_letter_spacing__hover_enabled=&#8221;0px&#8221; header_4_letter_spacing__hover_enabled=&#8221;0px&#8221; header_5_letter_spacing__hover_enabled=&#8221;0px&#8221; header_6_letter_spacing__hover_enabled=&#8221;0px&#8221; header_2_line_height__hover=&#8221;1em&#8221; header_3_line_height__hover=&#8221;1em&#8221; header_4_line_height__hover=&#8221;1em&#8221; header_5_line_height__hover=&#8221;1em&#8221; header_6_line_height__hover=&#8221;1em&#8221; header_2_line_height__hover_enabled=&#8221;1em&#8221; header_3_line_height__hover_enabled=&#8221;1em&#8221; header_4_line_height__hover_enabled=&#8221;1em&#8221; header_5_line_height__hover_enabled=&#8221;1em&#8221; header_6_line_height__hover_enabled=&#8221;1em&#8221; header_text_shadow_style__hover=&#8221;none&#8221; header_2_text_shadow_style__hover=&#8221;none&#8221; header_3_text_shadow_style__hover=&#8221;none&#8221; header_4_text_shadow_style__hover=&#8221;none&#8221; header_5_text_shadow_style__hover=&#8221;none&#8221; header_6_text_shadow_style__hover=&#8221;none&#8221; header_text_shadow_style__hover_enabled=&#8221;none&#8221; header_2_text_shadow_style__hover_enabled=&#8221;none&#8221; header_3_text_shadow_style__hover_enabled=&#8221;none&#8221; header_4_text_shadow_style__hover_enabled=&#8221;none&#8221; header_5_text_shadow_style__hover_enabled=&#8221;none&#8221; header_6_text_shadow_style__hover_enabled=&#8221;none&#8221; header_text_shadow_color__hover=&#8221;rgba(0,0,0,0.4)&#8221; header_2_text_shadow_color__hover=&#8221;rgba(0,0,0,0.4)&#8221; header_3_text_shadow_color__hover=&#8221;rgba(0,0,0,0.4)&#8221; header_4_text_shadow_color__hover=&#8221;rgba(0,0,0,0.4)&#8221; header_5_text_shadow_color__hover=&#8221;rgba(0,0,0,0.4)&#8221; header_6_text_shadow_color__hover=&#8221;rgba(0,0,0,0.4)&#8221; header_text_shadow_color__hover_enabled=&#8221;rgba(0,0,0,0.4)&#8221; header_2_text_shadow_color__hover_enabled=&#8221;rgba(0,0,0,0.4)&#8221; header_3_text_shadow_color__hover_enabled=&#8221;rgba(0,0,0,0.4)&#8221; header_4_text_shadow_color__hover_enabled=&#8221;rgba(0,0,0,0.4)&#8221; header_5_text_shadow_color__hover_enabled=&#8221;rgba(0,0,0,0.4)&#8221; header_6_text_shadow_color__hover_enabled=&#8221;rgba(0,0,0,0.4)&#8221; sticky_enabled=&#8221;0&#8243;]<\/p>\n<h3>Ficha T\u00e9cnica<\/h3>\n<p>Mistura de hidrocarbonetos e ess\u00eancia de terebentina que s\u00e3o combinados em determinadas propor\u00e7\u00f5es para se obter o melhor rendimento das suas capacidades de dilui\u00e7\u00e3o e solv\u00eancia.<\/p>\n<p><a href=\"https:\/\/www.liciniosmendes.com\/novo\/wp-content\/uploads\/2021\/09\/Ficha-tecnica_Diluente-Sintetico.pdf\">Ver Mais<\/a><\/p>\n<p>[\/et_pb_text][\/et_pb_column][et_pb_column type=&#8221;1_3&#8243; _builder_version=&#8221;3.25&#8243; custom_padding=&#8221;|||&#8221; custom_padding__hover=&#8221;|||&#8221;][et_pb_text _builder_version=&#8221;4.6.1&#8243; text_font=&#8221;||||||||&#8221; text_font_size=&#8221;15px&#8221; text_line_height=&#8221;2.2em&#8221; header_font=&#8221;||||||||&#8221; header_3_font=&#8221;Montserrat|600||on|||||&#8221; header_3_font_size=&#8221;12px&#8221; header_3_letter_spacing=&#8221;1px&#8221; header_3_line_height=&#8221;1.8em&#8221; custom_margin=&#8221;30px||50px||false&#8221; hover_enabled=&#8221;0&#8243; locked=&#8221;off&#8221; header_font_size__hover=&#8221;30px&#8221; header_2_font_size__hover=&#8221;26px&#8221; header_3_font_size__hover=&#8221;22px&#8221; header_4_font_size__hover=&#8221;18px&#8221; header_5_font_size__hover=&#8221;16px&#8221; header_6_font_size__hover=&#8221;14px&#8221; header_font_size__hover_enabled=&#8221;30px&#8221; header_2_font_size__hover_enabled=&#8221;26px&#8221; header_3_font_size__hover_enabled=&#8221;22px&#8221; header_4_font_size__hover_enabled=&#8221;18px&#8221; header_5_font_size__hover_enabled=&#8221;16px&#8221; header_6_font_size__hover_enabled=&#8221;14px&#8221; header_letter_spacing__hover=&#8221;0px&#8221; header_2_letter_spacing__hover=&#8221;0px&#8221; header_3_letter_spacing__hover=&#8221;0px&#8221; header_4_letter_spacing__hover=&#8221;0px&#8221; header_5_letter_spacing__hover=&#8221;0px&#8221; header_6_letter_spacing__hover=&#8221;0px&#8221; header_letter_spacing__hover_enabled=&#8221;0px&#8221; header_2_letter_spacing__hover_enabled=&#8221;0px&#8221; header_3_letter_spacing__hover_enabled=&#8221;0px&#8221; header_4_letter_spacing__hover_enabled=&#8221;0px&#8221; header_5_letter_spacing__hover_enabled=&#8221;0px&#8221; header_6_letter_spacing__hover_enabled=&#8221;0px&#8221; header_2_line_height__hover=&#8221;1em&#8221; header_3_line_height__hover=&#8221;1em&#8221; header_4_line_height__hover=&#8221;1em&#8221; header_5_line_height__hover=&#8221;1em&#8221; header_6_line_height__hover=&#8221;1em&#8221; header_2_line_height__hover_enabled=&#8221;1em&#8221; header_3_line_height__hover_enabled=&#8221;1em&#8221; header_4_line_height__hover_enabled=&#8221;1em&#8221; header_5_line_height__hover_enabled=&#8221;1em&#8221; header_6_line_height__hover_enabled=&#8221;1em&#8221; header_text_shadow_style__hover=&#8221;none&#8221; header_2_text_shadow_style__hover=&#8221;none&#8221; header_3_text_shadow_style__hover=&#8221;none&#8221; header_4_text_shadow_style__hover=&#8221;none&#8221; header_5_text_shadow_style__hover=&#8221;none&#8221; header_6_text_shadow_style__hover=&#8221;none&#8221; header_text_shadow_style__hover_enabled=&#8221;none&#8221; header_2_text_shadow_style__hover_enabled=&#8221;none&#8221; header_3_text_shadow_style__hover_enabled=&#8221;none&#8221; header_4_text_shadow_style__hover_enabled=&#8221;none&#8221; header_5_text_shadow_style__hover_enabled=&#8221;none&#8221; header_6_text_shadow_style__hover_enabled=&#8221;none&#8221; header_text_shadow_color__hover=&#8221;rgba(0,0,0,0.4)&#8221; header_2_text_shadow_color__hover=&#8221;rgba(0,0,0,0.4)&#8221; header_3_text_shadow_color__hover=&#8221;rgba(0,0,0,0.4)&#8221; header_4_text_shadow_color__hover=&#8221;rgba(0,0,0,0.4)&#8221; header_5_text_shadow_color__hover=&#8221;rgba(0,0,0,0.4)&#8221; header_6_text_shadow_color__hover=&#8221;rgba(0,0,0,0.4)&#8221; header_text_shadow_color__hover_enabled=&#8221;rgba(0,0,0,0.4)&#8221; header_2_text_shadow_color__hover_enabled=&#8221;rgba(0,0,0,0.4)&#8221; header_3_text_shadow_color__hover_enabled=&#8221;rgba(0,0,0,0.4)&#8221; header_4_text_shadow_color__hover_enabled=&#8221;rgba(0,0,0,0.4)&#8221; header_5_text_shadow_color__hover_enabled=&#8221;rgba(0,0,0,0.4)&#8221; header_6_text_shadow_color__hover_enabled=&#8221;rgba(0,0,0,0.4)&#8221; sticky_enabled=&#8221;0&#8243;]<\/p>\n<h3>Ficha de Seguran\u00e7a<\/h3>\n<p><a href=\"https:\/\/www.liciniosmendes.com\/novo\/wp-content\/uploads\/2021\/09\/documentSearchInnerFrame-4.pdf\">Ver Mais<\/a><\/p>\n<p>[\/et_pb_text][\/et_pb_column][\/et_pb_row][\/et_pb_section]<\/p>\n","protected":false},"excerpt":{"rendered":"<p>DYRUP DILUENTE SINT\u00c9TICODyrup Diluente Sint\u00e9tico \u00e9 uma mistura de hidrocarbonetos que s\u00e3o combinados em determinadas propor\u00e7\u00f5es para se obter o melhor rendimento das suas capacidades de dilui\u00e7\u00e3o e solv\u00eancia. Dyrup Diluente Sint\u00e9tico \u00e9 um diluente da Linha Profissional Dyrup, utilizado na dilui\u00e7\u00e3o de produtos sint\u00e9ticos de secagem ao ar quando aplicados \u00e0 trincha ou rolo. [&hellip;]<\/p>\n","protected":false},"author":2,"featured_media":0,"parent":0,"menu_order":0,"comment_status":"closed","ping_status":"closed","template":"","meta":{"_et_pb_use_builder":"on","_et_pb_old_content":"","_et_gb_content_width":"","footnotes":""},"class_list":["post-502","page","type-page","status-publish","hentry"],"_links":{"self":[{"href":"https:\/\/www.liciniosmendes.com\/index.php?rest_route=\/wp\/v2\/pages\/502","targetHints":{"allow":["GET"]}}],"collection":[{"href":"https:\/\/www.liciniosmendes.com\/index.php?rest_route=\/wp\/v2\/pages"}],"about":[{"href":"https:\/\/www.liciniosmendes.com\/index.php?rest_route=\/wp\/v2\/types\/page"}],"author":[{"embeddable":true,"href":"https:\/\/www.liciniosmendes.com\/index.php?rest_route=\/wp\/v2\/users\/2"}],"replies":[{"embeddable":true,"href":"https:\/\/www.liciniosmendes.com\/index.php?rest_route=%2Fwp%2Fv2%2Fcomments&post=502"}],"version-history":[{"count":5,"href":"https:\/\/www.liciniosmendes.com\/index.php?rest_route=\/wp\/v2\/pages\/502\/revisions"}],"predecessor-version":[{"id":513,"href":"https:\/\/www.liciniosmendes.com\/index.php?rest_route=\/wp\/v2\/pages\/502\/revisions\/513"}],"wp:attachment":[{"href":"https:\/\/www.liciniosmendes.com\/index.php?rest_route=%2Fwp%2Fv2%2Fmedia&parent=502"}],"curies":[{"name":"wp","href":"https:\/\/api.w.org\/{rel}","templated":true}]}}