{"id":406,"date":"2021-09-30T11:21:54","date_gmt":"2021-09-30T11:21:54","guid":{"rendered":"https:\/\/www.liciniosmendes.com\/novo\/?page_id=406"},"modified":"2021-09-30T14:44:12","modified_gmt":"2021-09-30T14:44:12","slug":"dyrup-dyrumaster-evolution-tinta-de-interior","status":"publish","type":"page","link":"https:\/\/www.liciniosmendes.com\/?page_id=406","title":{"rendered":"DYRUP DYRUMASTER EVOLUTION &#8211; TINTA DE INTERIOR"},"content":{"rendered":"<p>[et_pb_section fb_built=&#8221;1&#8243; admin_label=&#8221;Header&#8221; _builder_version=&#8221;3.22&#8243;][et_pb_row column_structure=&#8221;1_2,1_2&#8243; _builder_version=&#8221;3.25&#8243; max_width=&#8221;1280px&#8221; custom_padding=&#8221;27px|0px|0|0px|false|false&#8221; use_custom_width=&#8221;on&#8221; custom_width_px=&#8221;1280px&#8221; locked=&#8221;off&#8221;][et_pb_column type=&#8221;1_2&#8243; _builder_version=&#8221;3.25&#8243; custom_padding=&#8221;|||&#8221; custom_padding__hover=&#8221;|||&#8221;][et_pb_text _builder_version=&#8221;4.6.1&#8243; text_font=&#8221;||||||||&#8221; header_font=&#8221;Montserrat|300|||||||&#8221; header_font_size=&#8221;70px&#8221; header_line_height=&#8221;1.3em&#8221; header_4_font=&#8221;Montserrat|500||on|||||&#8221; header_4_text_color=&#8221;#ef6f49&#8243; header_4_font_size=&#8221;11px&#8221; header_4_letter_spacing=&#8221;3px&#8221; header_font_size_tablet=&#8221;50px&#8221; header_font_size_phone=&#8221;40px&#8221; header_font_size_last_edited=&#8221;on|phone&#8221; locked=&#8221;off&#8221;]<\/p>\n<h2>DYRUP DYRUMASTER EVOLUTION &#8211; TINTA DE INTERIOR<\/h2>\n<p>[\/et_pb_text][et_pb_text _builder_version=&#8221;4.6.1&#8243; text_font=&#8221;||||||||&#8221; text_font_size=&#8221;16px&#8221; text_line_height=&#8221;2.2em&#8221;]<\/p>\n<p style=\"text-align: justify;\">Dyrup Dyrumaster Evolution \u00e9 uma tinta de interior acr\u00edlica mate com excepcional opacidade.<\/p>\n<p style=\"text-align: justify;\">Dyrup Dyrumaster Evolution \u00e9 uma tinta aquosa mate para a pintura de interiores. A sua formula\u00e7\u00e3o ecol\u00f3gica, apresenta excepcional opacidade e sem salpicos, sendo especialmente recomendada para profissionais.<\/p>\n<p>[\/et_pb_text][\/et_pb_column][et_pb_column type=&#8221;1_2&#8243; _builder_version=&#8221;3.25&#8243; custom_padding=&#8221;|||&#8221; custom_padding__hover=&#8221;|||&#8221;][et_pb_image src=&#8221;https:\/\/www.liciniosmendes.com\/novo\/wp-content\/uploads\/2021\/09\/Tinta-de-interior-Dyryp-Dyrumaster-Evolution.png&#8221; align_tablet=&#8221;center&#8221; align_phone=&#8221;&#8221; align_last_edited=&#8221;on|desktop&#8221; _builder_version=&#8221;4.6.1&#8243;][\/et_pb_image][\/et_pb_column][\/et_pb_row][et_pb_row column_structure=&#8221;1_3,1_3,1_3&#8243; _builder_version=&#8221;3.25&#8243;][et_pb_column type=&#8221;1_3&#8243; _builder_version=&#8221;3.25&#8243; custom_padding=&#8221;|||&#8221; custom_padding__hover=&#8221;|||&#8221;][et_pb_text _builder_version=&#8221;3.27.4&#8243; text_font=&#8221;||||||||&#8221; text_font_size=&#8221;15px&#8221; text_line_height=&#8221;2.2em&#8221; header_font=&#8221;||||||||&#8221; header_3_font=&#8221;Montserrat|600||on|||||&#8221; header_3_font_size=&#8221;12px&#8221; header_3_letter_spacing=&#8221;1px&#8221; header_3_line_height=&#8221;1.8em&#8221; custom_margin=&#8221;30px||50px||false&#8221; locked=&#8221;off&#8221; header_font_size__hover=&#8221;30px&#8221; header_2_font_size__hover=&#8221;26px&#8221; header_3_font_size__hover=&#8221;22px&#8221; header_4_font_size__hover=&#8221;18px&#8221; header_5_font_size__hover=&#8221;16px&#8221; header_6_font_size__hover=&#8221;14px&#8221; header_font_size__hover_enabled=&#8221;30px&#8221; header_2_font_size__hover_enabled=&#8221;26px&#8221; header_3_font_size__hover_enabled=&#8221;22px&#8221; header_4_font_size__hover_enabled=&#8221;18px&#8221; header_5_font_size__hover_enabled=&#8221;16px&#8221; header_6_font_size__hover_enabled=&#8221;14px&#8221; header_letter_spacing__hover=&#8221;0px&#8221; header_2_letter_spacing__hover=&#8221;0px&#8221; header_3_letter_spacing__hover=&#8221;0px&#8221; header_4_letter_spacing__hover=&#8221;0px&#8221; header_5_letter_spacing__hover=&#8221;0px&#8221; header_6_letter_spacing__hover=&#8221;0px&#8221; header_letter_spacing__hover_enabled=&#8221;0px&#8221; header_2_letter_spacing__hover_enabled=&#8221;0px&#8221; header_3_letter_spacing__hover_enabled=&#8221;0px&#8221; header_4_letter_spacing__hover_enabled=&#8221;0px&#8221; header_5_letter_spacing__hover_enabled=&#8221;0px&#8221; header_6_letter_spacing__hover_enabled=&#8221;0px&#8221; header_2_line_height__hover=&#8221;1em&#8221; header_3_line_height__hover=&#8221;1em&#8221; header_4_line_height__hover=&#8221;1em&#8221; header_5_line_height__hover=&#8221;1em&#8221; header_6_line_height__hover=&#8221;1em&#8221; header_2_line_height__hover_enabled=&#8221;1em&#8221; header_3_line_height__hover_enabled=&#8221;1em&#8221; header_4_line_height__hover_enabled=&#8221;1em&#8221; header_5_line_height__hover_enabled=&#8221;1em&#8221; header_6_line_height__hover_enabled=&#8221;1em&#8221; header_text_shadow_style__hover=&#8221;none&#8221; header_2_text_shadow_style__hover=&#8221;none&#8221; header_3_text_shadow_style__hover=&#8221;none&#8221; header_4_text_shadow_style__hover=&#8221;none&#8221; header_5_text_shadow_style__hover=&#8221;none&#8221; header_6_text_shadow_style__hover=&#8221;none&#8221; header_text_shadow_style__hover_enabled=&#8221;none&#8221; header_2_text_shadow_style__hover_enabled=&#8221;none&#8221; header_3_text_shadow_style__hover_enabled=&#8221;none&#8221; header_4_text_shadow_style__hover_enabled=&#8221;none&#8221; header_5_text_shadow_style__hover_enabled=&#8221;none&#8221; header_6_text_shadow_style__hover_enabled=&#8221;none&#8221; header_text_shadow_color__hover=&#8221;rgba(0,0,0,0.4)&#8221; header_2_text_shadow_color__hover=&#8221;rgba(0,0,0,0.4)&#8221; header_3_text_shadow_color__hover=&#8221;rgba(0,0,0,0.4)&#8221; header_4_text_shadow_color__hover=&#8221;rgba(0,0,0,0.4)&#8221; header_5_text_shadow_color__hover=&#8221;rgba(0,0,0,0.4)&#8221; header_6_text_shadow_color__hover=&#8221;rgba(0,0,0,0.4)&#8221; header_text_shadow_color__hover_enabled=&#8221;rgba(0,0,0,0.4)&#8221; header_2_text_shadow_color__hover_enabled=&#8221;rgba(0,0,0,0.4)&#8221; header_3_text_shadow_color__hover_enabled=&#8221;rgba(0,0,0,0.4)&#8221; header_4_text_shadow_color__hover_enabled=&#8221;rgba(0,0,0,0.4)&#8221; header_5_text_shadow_color__hover_enabled=&#8221;rgba(0,0,0,0.4)&#8221; header_6_text_shadow_color__hover_enabled=&#8221;rgba(0,0,0,0.4)&#8221;]<\/p>\n<h3>CAPACIDADE<\/h3>\n<p>5L \/ 15L<\/p>\n<p>[\/et_pb_text][\/et_pb_column][et_pb_column type=&#8221;1_3&#8243; _builder_version=&#8221;3.25&#8243; custom_padding=&#8221;|||&#8221; custom_padding__hover=&#8221;|||&#8221;][et_pb_text _builder_version=&#8221;3.27.4&#8243; text_font=&#8221;||||||||&#8221; text_font_size=&#8221;15px&#8221; text_line_height=&#8221;2.2em&#8221; header_font=&#8221;||||||||&#8221; header_3_font=&#8221;Montserrat|600||on|||||&#8221; header_3_font_size=&#8221;12px&#8221; header_3_letter_spacing=&#8221;1px&#8221; header_3_line_height=&#8221;1.8em&#8221; custom_margin=&#8221;30px||50px||false&#8221; locked=&#8221;off&#8221; header_font_size__hover=&#8221;30px&#8221; header_2_font_size__hover=&#8221;26px&#8221; header_3_font_size__hover=&#8221;22px&#8221; header_4_font_size__hover=&#8221;18px&#8221; header_5_font_size__hover=&#8221;16px&#8221; header_6_font_size__hover=&#8221;14px&#8221; header_font_size__hover_enabled=&#8221;30px&#8221; header_2_font_size__hover_enabled=&#8221;26px&#8221; header_3_font_size__hover_enabled=&#8221;22px&#8221; header_4_font_size__hover_enabled=&#8221;18px&#8221; header_5_font_size__hover_enabled=&#8221;16px&#8221; header_6_font_size__hover_enabled=&#8221;14px&#8221; header_letter_spacing__hover=&#8221;0px&#8221; header_2_letter_spacing__hover=&#8221;0px&#8221; header_3_letter_spacing__hover=&#8221;0px&#8221; header_4_letter_spacing__hover=&#8221;0px&#8221; header_5_letter_spacing__hover=&#8221;0px&#8221; header_6_letter_spacing__hover=&#8221;0px&#8221; header_letter_spacing__hover_enabled=&#8221;0px&#8221; header_2_letter_spacing__hover_enabled=&#8221;0px&#8221; header_3_letter_spacing__hover_enabled=&#8221;0px&#8221; header_4_letter_spacing__hover_enabled=&#8221;0px&#8221; header_5_letter_spacing__hover_enabled=&#8221;0px&#8221; header_6_letter_spacing__hover_enabled=&#8221;0px&#8221; header_2_line_height__hover=&#8221;1em&#8221; header_3_line_height__hover=&#8221;1em&#8221; header_4_line_height__hover=&#8221;1em&#8221; header_5_line_height__hover=&#8221;1em&#8221; header_6_line_height__hover=&#8221;1em&#8221; header_2_line_height__hover_enabled=&#8221;1em&#8221; header_3_line_height__hover_enabled=&#8221;1em&#8221; header_4_line_height__hover_enabled=&#8221;1em&#8221; header_5_line_height__hover_enabled=&#8221;1em&#8221; header_6_line_height__hover_enabled=&#8221;1em&#8221; header_text_shadow_style__hover=&#8221;none&#8221; header_2_text_shadow_style__hover=&#8221;none&#8221; header_3_text_shadow_style__hover=&#8221;none&#8221; header_4_text_shadow_style__hover=&#8221;none&#8221; header_5_text_shadow_style__hover=&#8221;none&#8221; header_6_text_shadow_style__hover=&#8221;none&#8221; header_text_shadow_style__hover_enabled=&#8221;none&#8221; header_2_text_shadow_style__hover_enabled=&#8221;none&#8221; header_3_text_shadow_style__hover_enabled=&#8221;none&#8221; header_4_text_shadow_style__hover_enabled=&#8221;none&#8221; header_5_text_shadow_style__hover_enabled=&#8221;none&#8221; header_6_text_shadow_style__hover_enabled=&#8221;none&#8221; header_text_shadow_color__hover=&#8221;rgba(0,0,0,0.4)&#8221; header_2_text_shadow_color__hover=&#8221;rgba(0,0,0,0.4)&#8221; header_3_text_shadow_color__hover=&#8221;rgba(0,0,0,0.4)&#8221; header_4_text_shadow_color__hover=&#8221;rgba(0,0,0,0.4)&#8221; header_5_text_shadow_color__hover=&#8221;rgba(0,0,0,0.4)&#8221; header_6_text_shadow_color__hover=&#8221;rgba(0,0,0,0.4)&#8221; header_text_shadow_color__hover_enabled=&#8221;rgba(0,0,0,0.4)&#8221; header_2_text_shadow_color__hover_enabled=&#8221;rgba(0,0,0,0.4)&#8221; header_3_text_shadow_color__hover_enabled=&#8221;rgba(0,0,0,0.4)&#8221; header_4_text_shadow_color__hover_enabled=&#8221;rgba(0,0,0,0.4)&#8221; header_5_text_shadow_color__hover_enabled=&#8221;rgba(0,0,0,0.4)&#8221; header_6_text_shadow_color__hover_enabled=&#8221;rgba(0,0,0,0.4)&#8221;]<\/p>\n<h3>BRILHO<\/h3>\n<p>Mate<\/p>\n<p>[\/et_pb_text][\/et_pb_column][et_pb_column type=&#8221;1_3&#8243; _builder_version=&#8221;3.25&#8243; custom_padding=&#8221;|||&#8221; custom_padding__hover=&#8221;|||&#8221;][et_pb_text _builder_version=&#8221;4.6.1&#8243; text_font=&#8221;||||||||&#8221; text_font_size=&#8221;15px&#8221; text_line_height=&#8221;2.2em&#8221; header_font=&#8221;||||||||&#8221; header_3_font=&#8221;Montserrat|600||on|||||&#8221; header_3_font_size=&#8221;12px&#8221; header_3_letter_spacing=&#8221;1px&#8221; header_3_line_height=&#8221;1.8em&#8221; custom_margin=&#8221;30px||50px||false&#8221; locked=&#8221;off&#8221; header_font_size__hover=&#8221;30px&#8221; header_2_font_size__hover=&#8221;26px&#8221; header_3_font_size__hover=&#8221;22px&#8221; header_4_font_size__hover=&#8221;18px&#8221; header_5_font_size__hover=&#8221;16px&#8221; header_6_font_size__hover=&#8221;14px&#8221; header_font_size__hover_enabled=&#8221;30px&#8221; header_2_font_size__hover_enabled=&#8221;26px&#8221; header_3_font_size__hover_enabled=&#8221;22px&#8221; header_4_font_size__hover_enabled=&#8221;18px&#8221; header_5_font_size__hover_enabled=&#8221;16px&#8221; header_6_font_size__hover_enabled=&#8221;14px&#8221; header_letter_spacing__hover=&#8221;0px&#8221; header_2_letter_spacing__hover=&#8221;0px&#8221; header_3_letter_spacing__hover=&#8221;0px&#8221; header_4_letter_spacing__hover=&#8221;0px&#8221; header_5_letter_spacing__hover=&#8221;0px&#8221; header_6_letter_spacing__hover=&#8221;0px&#8221; header_letter_spacing__hover_enabled=&#8221;0px&#8221; header_2_letter_spacing__hover_enabled=&#8221;0px&#8221; header_3_letter_spacing__hover_enabled=&#8221;0px&#8221; header_4_letter_spacing__hover_enabled=&#8221;0px&#8221; header_5_letter_spacing__hover_enabled=&#8221;0px&#8221; header_6_letter_spacing__hover_enabled=&#8221;0px&#8221; header_2_line_height__hover=&#8221;1em&#8221; header_3_line_height__hover=&#8221;1em&#8221; header_4_line_height__hover=&#8221;1em&#8221; header_5_line_height__hover=&#8221;1em&#8221; header_6_line_height__hover=&#8221;1em&#8221; header_2_line_height__hover_enabled=&#8221;1em&#8221; header_3_line_height__hover_enabled=&#8221;1em&#8221; header_4_line_height__hover_enabled=&#8221;1em&#8221; header_5_line_height__hover_enabled=&#8221;1em&#8221; header_6_line_height__hover_enabled=&#8221;1em&#8221; header_text_shadow_style__hover=&#8221;none&#8221; header_2_text_shadow_style__hover=&#8221;none&#8221; header_3_text_shadow_style__hover=&#8221;none&#8221; header_4_text_shadow_style__hover=&#8221;none&#8221; header_5_text_shadow_style__hover=&#8221;none&#8221; header_6_text_shadow_style__hover=&#8221;none&#8221; header_text_shadow_style__hover_enabled=&#8221;none&#8221; header_2_text_shadow_style__hover_enabled=&#8221;none&#8221; header_3_text_shadow_style__hover_enabled=&#8221;none&#8221; header_4_text_shadow_style__hover_enabled=&#8221;none&#8221; header_5_text_shadow_style__hover_enabled=&#8221;none&#8221; header_6_text_shadow_style__hover_enabled=&#8221;none&#8221; header_text_shadow_color__hover=&#8221;rgba(0,0,0,0.4)&#8221; header_2_text_shadow_color__hover=&#8221;rgba(0,0,0,0.4)&#8221; header_3_text_shadow_color__hover=&#8221;rgba(0,0,0,0.4)&#8221; header_4_text_shadow_color__hover=&#8221;rgba(0,0,0,0.4)&#8221; header_5_text_shadow_color__hover=&#8221;rgba(0,0,0,0.4)&#8221; header_6_text_shadow_color__hover=&#8221;rgba(0,0,0,0.4)&#8221; header_text_shadow_color__hover_enabled=&#8221;rgba(0,0,0,0.4)&#8221; header_2_text_shadow_color__hover_enabled=&#8221;rgba(0,0,0,0.4)&#8221; header_3_text_shadow_color__hover_enabled=&#8221;rgba(0,0,0,0.4)&#8221; header_4_text_shadow_color__hover_enabled=&#8221;rgba(0,0,0,0.4)&#8221; header_5_text_shadow_color__hover_enabled=&#8221;rgba(0,0,0,0.4)&#8221; header_6_text_shadow_color__hover_enabled=&#8221;rgba(0,0,0,0.4)&#8221;]<\/p>\n<h3>Ficha T\u00e9cnica<\/h3>\n<p>Tinta pl\u00e1stica mate baseada em emuls\u00e3o aquosa de copol\u00edmeros<br \/> acr\u00edlicos.<\/p>\n<p><a href=\"https:\/\/www.liciniosmendes.com\/novo\/wp-content\/uploads\/2021\/09\/Ficha-Tecnica_Dyrumaster-evolution.pdf\">Ver Mais<\/a><\/p>\n<p>[\/et_pb_text][\/et_pb_column][\/et_pb_row][\/et_pb_section][et_pb_section fb_built=&#8221;1&#8243; inner_shadow=&#8221;on&#8221; _builder_version=&#8221;4.6.1&#8243; _module_preset=&#8221;default&#8221; locked=&#8221;off&#8221;][et_pb_row _builder_version=&#8221;4.6.1&#8243; _module_preset=&#8221;default&#8221;][et_pb_column type=&#8221;4_4&#8243; _builder_version=&#8221;4.6.1&#8243; _module_preset=&#8221;default&#8221;][et_pb_text _builder_version=&#8221;4.6.1&#8243; text_font=&#8221;||||||||&#8221; header_font=&#8221;Montserrat|300|||||||&#8221; header_font_size=&#8221;70px&#8221; header_line_height=&#8221;1.3em&#8221; header_4_font=&#8221;Montserrat|500||on|||||&#8221; header_4_text_color=&#8221;#ef6f49&#8243; header_4_font_size=&#8221;11px&#8221; header_4_letter_spacing=&#8221;3px&#8221; header_font_size_tablet=&#8221;50px&#8221; header_font_size_phone=&#8221;40px&#8221; header_font_size_last_edited=&#8221;on|phone&#8221; locked=&#8221;off&#8221;]<\/p>\n<h2>Certifica\u00e7\u00f5es<\/h2>\n<p>[\/et_pb_text][\/et_pb_column][\/et_pb_row][et_pb_row column_structure=&#8221;1_3,2_3&#8243; _builder_version=&#8221;4.6.1&#8243; _module_preset=&#8221;default&#8221;][et_pb_column type=&#8221;1_3&#8243; _builder_version=&#8221;4.6.1&#8243; _module_preset=&#8221;default&#8221;][et_pb_image src=&#8221;https:\/\/www.liciniosmendes.com\/novo\/wp-content\/uploads\/2021\/09\/certificado_eu-ecolabel_dyrup.png&#8221; _builder_version=&#8221;4.6.1&#8243; _module_preset=&#8221;default&#8221; hover_enabled=&#8221;0&#8243; sticky_enabled=&#8221;0&#8243;][\/et_pb_image][\/et_pb_column][et_pb_column type=&#8221;2_3&#8243; _builder_version=&#8221;4.6.1&#8243; _module_preset=&#8221;default&#8221;][et_pb_text _builder_version=&#8221;4.6.1&#8243; _module_preset=&#8221;default&#8221;]<\/p>\n<h1 style=\"text-align: justify;\">EU-Ecolabel<\/h1>\n<p style=\"text-align: justify;\">Criado em 1992 e reconhecido na a Europa e em todo o mundo, o EU Ecolabel \u00e9 um r\u00f3tulo de excel\u00eancia ambiental concedido a produtos e servi\u00e7os que atendem a elevados padr\u00f5es ambientais ao longo de seu ciclo de vida: da extra\u00e7\u00e3o da mat\u00e9ria-prima \u00e0 produ\u00e7\u00e3o, distribui\u00e7\u00e3o e descarte. O r\u00f3tulo ecol\u00f3gico da UE promove a economia circular, incentivando os produtores a gerar menos res\u00edduos e CO2 durante o processo de fabrica\u00e7\u00e3o. Os crit\u00e9rios do r\u00f3tulo ecol\u00f3gico da UE tamb\u00e9m incentivam as empresas a desenvolver produtos duradouros, f\u00e1ceis de reparar e reciclar.<\/p>\n<p style=\"text-align: justify;\">Os crit\u00e9rios do EU Ecolabel fornecem diretrizes exigentes \u00e0s empresas que procuram reduzir o seu impacto ambiental e garantir a efici\u00eancia de suas a\u00e7\u00f5es ambientais atrav\u00e9s da avalia\u00e7\u00e3o de terceiros. Al\u00e9m disso, muitas empresas recorrem aos crit\u00e9rios do EU Ecolabel para obter orienta\u00e7\u00e3o sobre as melhores pr\u00e1ticas ecol\u00f3gicas ao desenvolver os seus produtos.<\/p>\n<p>[\/et_pb_text][\/et_pb_column][\/et_pb_row][et_pb_row column_structure=&#8221;1_3,2_3&#8243; _builder_version=&#8221;4.6.1&#8243; _module_preset=&#8221;default&#8221;][et_pb_column type=&#8221;1_3&#8243; _builder_version=&#8221;4.6.1&#8243; _module_preset=&#8221;default&#8221;][et_pb_image src=&#8221;https:\/\/www.liciniosmendes.com\/novo\/wp-content\/uploads\/2021\/09\/certificado_A-_emissoes-do-ar-interior_dyrup.png&#8221; _builder_version=&#8221;4.6.1&#8243; _module_preset=&#8221;default&#8221; hover_enabled=&#8221;0&#8243; sticky_enabled=&#8221;0&#8243;][\/et_pb_image][\/et_pb_column][et_pb_column type=&#8221;2_3&#8243; _builder_version=&#8221;4.6.1&#8243; _module_preset=&#8221;default&#8221;][et_pb_text _builder_version=&#8221;4.6.1&#8243; _module_preset=&#8221;default&#8221;]<\/p>\n<h1 style=\"text-align: justify;\">A+<\/h1>\n<p style=\"text-align: justify;\">Regulamento VOC para produtos de constru\u00e7\u00e3o e decora\u00e7\u00e3o<\/p>\n<p style=\"text-align: justify;\">Este regulamento prev\u00ea que a partir de 1 Janeiro 2012, qualquer produto abrangido colocado no mercado tem que estar rotulado de acordo com as classes de emiss\u00e3o com base nas suas emiss\u00f5es depois de 28 dias, testado de acordo com a norma ISO 16000 e calculado para a sala de refer\u00eancia europeia. A rotulagem indicar\u00e1 o n\u00edvel de emiss\u00f5es poluentes vol\u00e1teis, numa escala de &#8220;A+&#8221; (emiss\u00f5es muito baixas) a &#8220;C&#8221; (altas emiss\u00f5es), ao lado de uma imagem de uma casa contendo uma nuvem de poluentes.<\/p>\n<p>[\/et_pb_text][\/et_pb_column][\/et_pb_row][et_pb_row column_structure=&#8221;1_3,2_3&#8243; _builder_version=&#8221;4.6.1&#8243; _module_preset=&#8221;default&#8221;][et_pb_column type=&#8221;1_3&#8243; _builder_version=&#8221;4.6.1&#8243; _module_preset=&#8221;default&#8221;][et_pb_image src=&#8221;https:\/\/www.liciniosmendes.com\/novo\/wp-content\/uploads\/2021\/09\/dyrumatic_cores-afinaveis_dyrup.png&#8221; _builder_version=&#8221;4.6.1&#8243; _module_preset=&#8221;default&#8221;][\/et_pb_image][\/et_pb_column][et_pb_column type=&#8221;2_3&#8243; _builder_version=&#8221;4.6.1&#8243; _module_preset=&#8221;default&#8221;][et_pb_text _builder_version=&#8221;4.6.1&#8243; _module_preset=&#8221;default&#8221;]<\/p>\n<h1 style=\"text-align: justify;\">Dyrumatic<\/h1>\n<p style=\"text-align: justify;\">A decora\u00e7\u00e3o de uma casa passa essencialmente pela nossa sele\u00e7\u00e3o de cores, texturadas e objetos que nos identifacam.<br \/>A PPG Dyrup desenvolveu um sistema de afina\u00e7\u00e3o de cores &#8211; DYRUMATIC &#8211; que permite, com a m\u00e1xima exatid\u00e3o, reproduzir a sua cor, nos diversos produtos do seu portf\u00f3lio, conferindo uma conjuga\u00e7\u00e3o de perfeita entre texturas para interior e exterior.<br \/>Dyrumatic j\u00e1 foi premiado com o PR\u00c9MIO CINCO ESTRELAS, como o sistema que permite afinar num s\u00f3 equipamento milhares de cores com a m\u00e1xima exatid\u00e3o, em todas as gamas de produtos: tintas, vernizes, esmaltes, protetores, entre outros, mesmo a partir de uma amostra real de cor.<\/p>\n<p style=\"text-align: justify;\">Com Dyrumatic, basta escolher a sua Cor.<\/p>\n<p>[\/et_pb_text][\/et_pb_column][\/et_pb_row][\/et_pb_section]<\/p>\n","protected":false},"excerpt":{"rendered":"<p>DYRUP DYRUMASTER EVOLUTION &#8211; TINTA DE INTERIORDyrup Dyrumaster Evolution \u00e9 uma tinta de interior acr\u00edlica mate com excepcional opacidade. Dyrup Dyrumaster Evolution \u00e9 uma tinta aquosa mate para a pintura de interiores. A sua formula\u00e7\u00e3o ecol\u00f3gica, apresenta excepcional opacidade e sem salpicos, sendo especialmente recomendada para profissionais.CAPACIDADE 5L \/ 15LBRILHO MateFicha T\u00e9cnica Tinta pl\u00e1stica mate [&hellip;]<\/p>\n","protected":false},"author":2,"featured_media":0,"parent":0,"menu_order":0,"comment_status":"closed","ping_status":"closed","template":"","meta":{"_et_pb_use_builder":"on","_et_pb_old_content":"","_et_gb_content_width":"","footnotes":""},"class_list":["post-406","page","type-page","status-publish","hentry"],"_links":{"self":[{"href":"https:\/\/www.liciniosmendes.com\/index.php?rest_route=\/wp\/v2\/pages\/406","targetHints":{"allow":["GET"]}}],"collection":[{"href":"https:\/\/www.liciniosmendes.com\/index.php?rest_route=\/wp\/v2\/pages"}],"about":[{"href":"https:\/\/www.liciniosmendes.com\/index.php?rest_route=\/wp\/v2\/types\/page"}],"author":[{"embeddable":true,"href":"https:\/\/www.liciniosmendes.com\/index.php?rest_route=\/wp\/v2\/users\/2"}],"replies":[{"embeddable":true,"href":"https:\/\/www.liciniosmendes.com\/index.php?rest_route=%2Fwp%2Fv2%2Fcomments&post=406"}],"version-history":[{"count":6,"href":"https:\/\/www.liciniosmendes.com\/index.php?rest_route=\/wp\/v2\/pages\/406\/revisions"}],"predecessor-version":[{"id":474,"href":"https:\/\/www.liciniosmendes.com\/index.php?rest_route=\/wp\/v2\/pages\/406\/revisions\/474"}],"wp:attachment":[{"href":"https:\/\/www.liciniosmendes.com\/index.php?rest_route=%2Fwp%2Fv2%2Fmedia&parent=406"}],"curies":[{"name":"wp","href":"https:\/\/api.w.org\/{rel}","templated":true}]}}