{"id":204,"date":"2019-03-16T09:57:44","date_gmt":"2019-03-16T09:57:44","guid":{"rendered":"https:\/\/www.liciniosmendes.com\/novo\/?page_id=204"},"modified":"2021-10-04T09:56:25","modified_gmt":"2021-10-04T09:56:25","slug":"produtos","status":"publish","type":"page","link":"https:\/\/www.liciniosmendes.com\/?page_id=204","title":{"rendered":"Produtos"},"content":{"rendered":"<p>[et_pb_section fb_built=&#8221;1&#8243; admin_label=&#8221;Header&#8221; _builder_version=&#8221;3.22&#8243; background_color=&#8221;#f7f3ec&#8221; background_color_gradient_direction=&#8221;150deg&#8221; custom_padding=&#8221;54px|0px|0|0px|false|false&#8221;][et_pb_row _builder_version=&#8221;3.25&#8243;][et_pb_column type=&#8221;4_4&#8243; _builder_version=&#8221;3.25&#8243; custom_padding=&#8221;|||&#8221; custom_padding__hover=&#8221;|||&#8221;][et_pb_text _builder_version=&#8221;4.6.1&#8243; text_font=&#8221;||||||||&#8221; header_font=&#8221;Montserrat|300|||||||&#8221; header_font_size=&#8221;70px&#8221; header_line_height=&#8221;1.3em&#8221; header_4_font=&#8221;Montserrat|500||on|||||&#8221; header_4_text_color=&#8221;#ef6f49&#8243; header_4_font_size=&#8221;11px&#8221; header_4_letter_spacing=&#8221;3px&#8221; text_orientation=&#8221;center&#8221; header_font_size_tablet=&#8221;50px&#8221; header_font_size_phone=&#8221;40px&#8221; header_font_size_last_edited=&#8221;on|phone&#8221; locked=&#8221;off&#8221;]<\/p>\n<h1>Produtos<\/h1>\n<p>[\/et_pb_text][\/et_pb_column][\/et_pb_row][\/et_pb_section][et_pb_section fb_built=&#8221;1&#8243; admin_label=&#8221;Shop&#8221; _builder_version=&#8221;3.22&#8243; custom_width_px__hover=&#8221;1080px&#8221; custom_width_px__hover_enabled=&#8221;1080px&#8221; custom_width_percent__hover=&#8221;80%&#8221; custom_width_percent__hover_enabled=&#8221;80%&#8221; locked=&#8221;off&#8221; box_shadow_style__hover=&#8221;none&#8221; box_shadow_style__hover_enabled=&#8221;none&#8221; box_shadow_color__hover=&#8221;rgba(0,0,0,0.3)&#8221; box_shadow_color__hover_enabled=&#8221;rgba(0,0,0,0.3)&#8221; gutter_width__hover=&#8221;3&#8243; gutter_width__hover_enabled=&#8221;3&#8243; parallax_1__hover=&#8221;off&#8221; parallax_1__hover_enabled=&#8221;off&#8221; parallax_2__hover=&#8221;off&#8221; parallax_2__hover_enabled=&#8221;off&#8221; parallax_3__hover=&#8221;off&#8221; parallax_3__hover_enabled=&#8221;off&#8221; parallax_method_1__hover=&#8221;on&#8221; parallax_method_1__hover_enabled=&#8221;on&#8221; parallax_method_2__hover=&#8221;on&#8221; parallax_method_2__hover_enabled=&#8221;on&#8221; parallax_method_3__hover=&#8221;on&#8221; parallax_method_3__hover_enabled=&#8221;on&#8221; use_background_color_gradient__hover=&#8221;off&#8221; use_background_color_gradient__hover_enabled=&#8221;off&#8221; background_color_gradient_start__hover=&#8221;#2b87da&#8221; background_color_gradient_start__hover_enabled=&#8221;#2b87da&#8221; background_color_gradient_end__hover=&#8221;#29c4a9&#8243; background_color_gradient_end__hover_enabled=&#8221;#29c4a9&#8243; background_color_gradient_start_position__hover=&#8221;0%&#8221; background_color_gradient_start_position__hover_enabled=&#8221;0%&#8221; background_color_gradient_end_position__hover=&#8221;100%&#8221; background_color_gradient_end_position__hover_enabled=&#8221;100%&#8221; background_color_gradient_type__hover=&#8221;linear&#8221; background_color_gradient_type__hover_enabled=&#8221;linear&#8221; background_color_gradient_direction__hover=&#8221;180deg&#8221; background_color_gradient_direction__hover_enabled=&#8221;180deg&#8221; background_color_gradient_direction_radial__hover=&#8221;center&#8221; background_color_gradient_direction_radial__hover_enabled=&#8221;center&#8221; background_color_gradient_overlays_image__hover=&#8221;off&#8221; background_color_gradient_overlays_image__hover_enabled=&#8221;off&#8221; parallax__hover=&#8221;off&#8221; parallax__hover_enabled=&#8221;off&#8221; parallax_method__hover=&#8221;on&#8221; parallax_method__hover_enabled=&#8221;on&#8221; background_size__hover=&#8221;cover&#8221; background_size__hover_enabled=&#8221;cover&#8221; background_position__hover=&#8221;center&#8221; background_position__hover_enabled=&#8221;center&#8221; background_repeat__hover=&#8221;no-repeat&#8221; background_repeat__hover_enabled=&#8221;no-repeat&#8221; background_blend__hover=&#8221;normal&#8221; background_blend__hover_enabled=&#8221;normal&#8221; allow_player_pause__hover=&#8221;off&#8221; allow_player_pause__hover_enabled=&#8221;off&#8221; background_video_pause_outside_viewport__hover=&#8221;on&#8221; background_video_pause_outside_viewport__hover_enabled=&#8221;on&#8221; inner_shadow__hover=&#8221;off&#8221; inner_shadow__hover_enabled=&#8221;off&#8221; make_fullwidth__hover=&#8221;off&#8221; make_fullwidth__hover_enabled=&#8221;off&#8221; use_custom_width__hover=&#8221;off&#8221; use_custom_width__hover_enabled=&#8221;off&#8221; width_unit__hover=&#8221;on&#8221; width_unit__hover_enabled=&#8221;on&#8221; make_equal__hover=&#8221;off&#8221; make_equal__hover_enabled=&#8221;off&#8221; use_custom_gutter__hover=&#8221;off&#8221; use_custom_gutter__hover_enabled=&#8221;off&#8221; border_radii__hover=&#8221;on||||&#8221; border_radii__hover_enabled=&#8221;on||||&#8221; max_width__hover=&#8221;100%&#8221; max_width__hover_enabled=&#8221;100%&#8221; filter_hue_rotate__hover=&#8221;0deg&#8221; filter_hue_rotate__hover_enabled=&#8221;0deg&#8221; filter_saturate__hover=&#8221;100%&#8221; filter_saturate__hover_enabled=&#8221;100%&#8221; filter_brightness__hover=&#8221;100%&#8221; filter_brightness__hover_enabled=&#8221;100%&#8221; filter_contrast__hover=&#8221;100%&#8221; filter_contrast__hover_enabled=&#8221;100%&#8221; filter_invert__hover=&#8221;0%&#8221; filter_invert__hover_enabled=&#8221;0%&#8221; filter_sepia__hover=&#8221;0%&#8221; filter_sepia__hover_enabled=&#8221;0%&#8221; filter_opacity__hover=&#8221;100%&#8221; filter_opacity__hover_enabled=&#8221;100%&#8221; filter_blur__hover=&#8221;0px&#8221; filter_blur__hover_enabled=&#8221;0px&#8221; mix_blend_mode__hover=&#8221;normal&#8221; mix_blend_mode__hover_enabled=&#8221;normal&#8221; animation_style__hover=&#8221;none&#8221; animation_style__hover_enabled=&#8221;none&#8221; animation_repeat__hover=&#8221;once&#8221; animation_repeat__hover_enabled=&#8221;once&#8221; animation_direction__hover=&#8221;center&#8221; animation_direction__hover_enabled=&#8221;center&#8221; animation_duration__hover=&#8221;1000ms&#8221; animation_duration__hover_enabled=&#8221;1000ms&#8221; animation_delay__hover=&#8221;0ms&#8221; animation_delay__hover_enabled=&#8221;0ms&#8221; animation_intensity_slide__hover=&#8221;50%&#8221; animation_intensity_slide__hover_enabled=&#8221;50%&#8221; animation_intensity_zoom__hover=&#8221;50%&#8221; animation_intensity_zoom__hover_enabled=&#8221;50%&#8221; animation_intensity_flip__hover=&#8221;50%&#8221; animation_intensity_flip__hover_enabled=&#8221;50%&#8221; animation_intensity_fold__hover=&#8221;50%&#8221; animation_intensity_fold__hover_enabled=&#8221;50%&#8221; animation_intensity_roll__hover=&#8221;50%&#8221; animation_intensity_roll__hover_enabled=&#8221;50%&#8221; animation_starting_opacity__hover=&#8221;0%&#8221; animation_starting_opacity__hover_enabled=&#8221;0%&#8221; animation_speed_curve__hover=&#8221;ease-in-out&#8221; animation_speed_curve__hover_enabled=&#8221;ease-in-out&#8221; hover_transition_duration__hover=&#8221;300ms&#8221; hover_transition_duration__hover_enabled=&#8221;300ms&#8221; hover_transition_delay__hover=&#8221;0ms&#8221; hover_transition_delay__hover_enabled=&#8221;0ms&#8221; hover_transition_speed_curve__hover=&#8221;ease&#8221; hover_transition_speed_curve__hover_enabled=&#8221;ease&#8221;][et_pb_row column_structure=&#8221;1_3,1_3,1_3&#8243; _builder_version=&#8221;4.6.1&#8243; _module_preset=&#8221;default&#8221;][et_pb_column type=&#8221;1_3&#8243; _builder_version=&#8221;4.6.1&#8243; _module_preset=&#8221;default&#8221;][et_pb_blurb title=&#8221;DYRUP DYRUMASTER EVOLUTION&#8221; url=&#8221;https:\/\/www.liciniosmendes.com\/novo\/?page_id=406&#8243; image=&#8221;https:\/\/www.liciniosmendes.com\/novo\/wp-content\/uploads\/2021\/09\/Tinta-de-interior-Dyryp-Dyrumaster-Evolution.png&#8221; _builder_version=&#8221;4.6.1&#8243; _module_preset=&#8221;default&#8221; animation=&#8221;off&#8221; link_option_url=&#8221;https:\/\/www.liciniosmendes.com\/novo\/?page_id=406&#8243;]<\/p>\n<p>Dyrup Dyrumaster Evolution \u00e9 uma tinta de interior acr\u00edlica mate com excepcional opacidade<\/p>\n<p>[\/et_pb_blurb][et_pb_button button_text=&#8221;Compre Aqui&#8221; _builder_version=&#8221;4.6.1&#8243; _module_preset=&#8221;default&#8221; custom_button=&#8221;on&#8221; button_text_size=&#8221;15px&#8221; button_text_color=&#8221;#004c92&#8243; button_font=&#8221;Montserrat||||||||&#8221;][\/et_pb_button][\/et_pb_column][et_pb_column type=&#8221;1_3&#8243; _builder_version=&#8221;4.6.1&#8243; _module_preset=&#8221;default&#8221;][et_pb_blurb title=&#8221;DYRUP AIR PURE&#8221; url=&#8221;https:\/\/www.liciniosmendes.com\/novo\/?page_id=420&#8243; image=&#8221;https:\/\/www.liciniosmendes.com\/novo\/wp-content\/uploads\/2021\/09\/Tinta-de-interior-Air-Pure.png&#8221; _builder_version=&#8221;4.6.1&#8243; _module_preset=&#8221;default&#8221; link_option_url=&#8221;https:\/\/www.liciniosmendes.com\/novo\/?page_id=420&#8243; hover_enabled=&#8221;0&#8243; animation=&#8221;off&#8221; sticky_enabled=&#8221;0&#8243;]<\/p>\n<p>Dyrup Air Pure \u00e9 uma tinta de base biol\u00f3gica mate de elevada qualidade, especialmente concebida para a purifica\u00e7\u00e3o do ar interior<\/p>\n<p>[\/et_pb_blurb][et_pb_button button_text=&#8221;Compre Aqui&#8221; _builder_version=&#8221;4.6.1&#8243; _module_preset=&#8221;default&#8221; custom_button=&#8221;on&#8221; button_text_size=&#8221;15px&#8221; button_text_color=&#8221;#004c92&#8243; button_font=&#8221;Montserrat||||||||&#8221;][\/et_pb_button][\/et_pb_column][et_pb_column type=&#8221;1_3&#8243; _builder_version=&#8221;4.6.1&#8243; _module_preset=&#8221;default&#8221;][et_pb_blurb title=&#8221;TESTER CHROMATIC BY DYRUP&#8221; url=&#8221;https:\/\/www.liciniosmendes.com\/novo\/?page_id=443&#8243; image=&#8221;https:\/\/www.liciniosmendes.com\/novo\/wp-content\/uploads\/2021\/09\/Tinta-de-interior-tester-chromatic.png&#8221; _builder_version=&#8221;4.6.1&#8243; _module_preset=&#8221;default&#8221; link_option_url=&#8221;https:\/\/www.liciniosmendes.com\/novo\/?page_id=443&#8243; hover_enabled=&#8221;0&#8243; animation=&#8221;off&#8221; sticky_enabled=&#8221;0&#8243;]<\/p>\n<p>DTester Chromatic \u00e9 uma tinta pl\u00e1stica mate indicada para testar as cores Chromatic em ambiente real, antes de tomar uma decis\u00e3o<\/p>\n<p>[\/et_pb_blurb][et_pb_button button_text=&#8221;Compre Aqui&#8221; _builder_version=&#8221;4.6.1&#8243; _module_preset=&#8221;default&#8221; custom_button=&#8221;on&#8221; button_text_size=&#8221;15px&#8221; button_text_color=&#8221;#004c92&#8243; button_font=&#8221;Montserrat||||||||&#8221;][\/et_pb_button][\/et_pb_column][\/et_pb_row][et_pb_row column_structure=&#8221;1_3,1_3,1_3&#8243; _builder_version=&#8221;4.6.1&#8243; _module_preset=&#8221;default&#8221; hover_enabled=&#8221;0&#8243; sticky_enabled=&#8221;0&#8243;][et_pb_column type=&#8221;1_3&#8243; _builder_version=&#8221;4.6.1&#8243; _module_preset=&#8221;default&#8221;][et_pb_blurb title=&#8221;DYRUP PAVIMENTOS&#8221; url=&#8221;https:\/\/www.liciniosmendes.com\/novo\/?page_id=476&#8243; image=&#8221;https:\/\/www.liciniosmendes.com\/novo\/wp-content\/uploads\/2021\/09\/Tinta-para-pavimentos_Pavimentos.png&#8221; _builder_version=&#8221;4.6.1&#8243; _module_preset=&#8221;default&#8221; link_option_url=&#8221;https:\/\/www.liciniosmendes.com\/novo\/?page_id=476&#8243; hover_enabled=&#8221;0&#8243; animation=&#8221;off&#8221; sticky_enabled=&#8221;0&#8243;]<\/p>\n<p>Dyrup Pavimentos \u00e9 uma tinta baseada em resina alqu\u00eddica de secagem r\u00e1pida e pigmentos adequados<\/p>\n<p>[\/et_pb_blurb][et_pb_button button_text=&#8221;Compre Aqui&#8221; _builder_version=&#8221;4.6.1&#8243; _module_preset=&#8221;default&#8221; custom_button=&#8221;on&#8221; button_text_size=&#8221;15px&#8221; button_text_color=&#8221;#004c92&#8243; button_font=&#8221;Montserrat||||||||&#8221;][\/et_pb_button][\/et_pb_column][et_pb_column type=&#8221;1_3&#8243; _builder_version=&#8221;4.6.1&#8243; _module_preset=&#8221;default&#8221;][et_pb_blurb title=&#8221;IMPERMEABILIZANTE TELHADOS&#8221; url=&#8221;https:\/\/www.liciniosmendes.com\/novo\/?page_id=488&#8243; image=&#8221;https:\/\/www.liciniosmendes.com\/novo\/wp-content\/uploads\/2021\/09\/Impermeabilizantes_Impermeabilizante-Telhados.png&#8221; _builder_version=&#8221;4.6.1&#8243; _module_preset=&#8221;default&#8221; link_option_url=&#8221;https:\/\/www.liciniosmendes.com\/novo\/?page_id=488&#8243; hover_enabled=&#8221;0&#8243; animation=&#8221;off&#8221; sticky_enabled=&#8221;0&#8243;]<\/p>\n<p>Impermeabilizante Telhados \u00e9 um produto que forma uma pel\u00edcula 100% imperme\u00e1vel com alta resist\u00eancia \u00e0 fissura\u00e7\u00e3o e agress\u00f5es climat\u00e9ricas<\/p>\n<p>[\/et_pb_blurb][et_pb_button button_text=&#8221;Compre Aqui&#8221; _builder_version=&#8221;4.6.1&#8243; _module_preset=&#8221;default&#8221; custom_button=&#8221;on&#8221; button_text_size=&#8221;15px&#8221; button_text_color=&#8221;#004c92&#8243; button_font=&#8221;Montserrat||||||||&#8221;][\/et_pb_button][\/et_pb_column][et_pb_column type=&#8221;1_3&#8243; _builder_version=&#8221;4.6.1&#8243; _module_preset=&#8221;default&#8221;][et_pb_blurb title=&#8221;DYRUP DILUENTE SINT\u00c9TICO&#8221; url=&#8221;https:\/\/www.liciniosmendes.com\/novo\/?page_id=502&#8243; image=&#8221;https:\/\/www.liciniosmendes.com\/novo\/wp-content\/uploads\/2021\/09\/Linha-Profissional_Dyrup_Diluente-Sintetico.png&#8221; _builder_version=&#8221;4.6.1&#8243; _module_preset=&#8221;default&#8221; link_option_url=&#8221;https:\/\/www.liciniosmendes.com\/novo\/?page_id=502&#8243; hover_enabled=&#8221;0&#8243; animation=&#8221;off&#8221; sticky_enabled=&#8221;0&#8243;]<\/p>\n<p>Dyrup Diluente Sint\u00e9tico \u00e9 uma mistura de hidrocarbonetos que s\u00e3o combinados em determinadas propor\u00e7\u00f5es para se obter o melhor rendimento das suas capacidades de dilui\u00e7\u00e3o e solv\u00eancia<\/p>\n<p>[\/et_pb_blurb][et_pb_button button_text=&#8221;Compre Aqui&#8221; _builder_version=&#8221;4.6.1&#8243; _module_preset=&#8221;default&#8221; custom_button=&#8221;on&#8221; button_text_size=&#8221;15px&#8221; button_text_color=&#8221;#004c92&#8243; button_font=&#8221;Montserrat||||||||&#8221;][\/et_pb_button][\/et_pb_column][\/et_pb_row][\/et_pb_section]<\/p>\n","protected":false},"excerpt":{"rendered":"<p>ProdutosDyrup Dyrumaster Evolution \u00e9 uma tinta de interior acr\u00edlica mate com excepcional opacidadeDyrup Air Pure \u00e9 uma tinta de base biol\u00f3gica mate de elevada qualidade, especialmente concebida para a purifica\u00e7\u00e3o do ar interiorDTester Chromatic \u00e9 uma tinta pl\u00e1stica mate indicada para testar as cores Chromatic em ambiente real, antes de tomar uma decis\u00e3oDyrup Pavimentos \u00e9 [&hellip;]<\/p>\n","protected":false},"author":1,"featured_media":0,"parent":0,"menu_order":0,"comment_status":"closed","ping_status":"closed","template":"","meta":{"_et_pb_use_builder":"on","_et_pb_old_content":"","_et_gb_content_width":"","footnotes":""},"class_list":["post-204","page","type-page","status-publish","hentry"],"_links":{"self":[{"href":"https:\/\/www.liciniosmendes.com\/index.php?rest_route=\/wp\/v2\/pages\/204","targetHints":{"allow":["GET"]}}],"collection":[{"href":"https:\/\/www.liciniosmendes.com\/index.php?rest_route=\/wp\/v2\/pages"}],"about":[{"href":"https:\/\/www.liciniosmendes.com\/index.php?rest_route=\/wp\/v2\/types\/page"}],"author":[{"embeddable":true,"href":"https:\/\/www.liciniosmendes.com\/index.php?rest_route=\/wp\/v2\/users\/1"}],"replies":[{"embeddable":true,"href":"https:\/\/www.liciniosmendes.com\/index.php?rest_route=%2Fwp%2Fv2%2Fcomments&post=204"}],"version-history":[{"count":26,"href":"https:\/\/www.liciniosmendes.com\/index.php?rest_route=\/wp\/v2\/pages\/204\/revisions"}],"predecessor-version":[{"id":588,"href":"https:\/\/www.liciniosmendes.com\/index.php?rest_route=\/wp\/v2\/pages\/204\/revisions\/588"}],"wp:attachment":[{"href":"https:\/\/www.liciniosmendes.com\/index.php?rest_route=%2Fwp%2Fv2%2Fmedia&parent=204"}],"curies":[{"name":"wp","href":"https:\/\/api.w.org\/{rel}","templated":true}]}}